{"id":88,"date":"2016-08-30T13:55:35","date_gmt":"2016-08-30T11:55:35","guid":{"rendered":"http:\/\/racasa.ch\/?page_id=88"},"modified":"2016-10-24T09:16:03","modified_gmt":"2016-10-24T07:16:03","slug":"kauf-verkauf","status":"publish","type":"page","link":"https:\/\/racasa.ch\/index.php\/kauf-verkauf\/","title":{"rendered":"Kauf &#038; Verkauf"},"content":{"rendered":"<p>M\u00f6chten Sie Ihre Liegenschaft verkaufen oder suchen Sie Ihr Traumobjekt? Wir begleiten Sie auf Wunsch von Ihrer ersten Frage bis zur Liegenschafts\u00fcbergabe.<\/p>\n<p><strong>Verkaufskonzept<\/strong><\/p>\n<ul>\n<li>Analyse der Ausgangslage mit Ihnen<\/li>\n<li>Besprechung Ihrer Ziele und Erwartungen, Festlegen der Vorgehensweise und des Zeitplans<\/li>\n<li>Erstellen einer Verkehrswertsch\u00e4tzung<\/li>\n<li>Erstellen eines Verkaufsdossiers und Pr\u00e4sentation der Liegenschaft in den geeigneten Vertriebskan\u00e4len (Internet, Zeitung, Netzwerk)<\/li>\n<li>Ausf\u00fchren der Verkaufsaktivit\u00e4ten, z.B. gef\u00fchrte Besichtigungen durch uns<\/li>\n<li>Bestellung eines Kaufvertragsentwurfes beim Notar Ihrer Wahl<\/li>\n<li>Begleitung an Notartermin, falls gew\u00fcnscht<\/li>\n<li>\u00dcbergabe der Liegenschaft, falls gew\u00fcnscht<\/li>\n<li>Besprechung des Resultats, falls gew\u00fcnscht<\/li>\n<\/ul>\n<p><strong>Ihr Nutzen<br \/>\n<\/strong><\/p>\n<ul>\n<li>Ein Ansprechpartner f\u00fcr alles<\/li>\n<li>Professionelle Dienstleistung, Sie profitieren durch unsere Erfahrung und unser Netzwerk.<\/li>\n<li>Guter Verkaufspreis, oftmals h\u00f6her als bei einem eigenst\u00e4ndigen Verkauf.<\/li>\n<li>Zeitliche Entlastung f\u00fcr Sie, Sie m\u00fcssen sich um nichts k\u00fcmmern.<\/li>\n<\/ul>\n","protected":false},"excerpt":{"rendered":"<p>M\u00f6chten Sie Ihre Liegenschaft verkaufen oder suchen Sie Ihr Traumobjekt? Wir begleiten Sie auf Wunsch von Ihrer ersten Frage bis zur Liegenschafts\u00fcbergabe. Verkaufskonzept Analyse der Ausgangslage mit Ihnen Besprechung Ihrer Ziele und Erwartungen, Festlegen der Vorgehensweise und des Zeitplans Erstellen einer Verkehrswertsch\u00e4tzung Erstellen eines Verkaufsdossiers und Pr\u00e4sentation der Liegenschaft in den geeigneten Vertriebskan\u00e4len (Internet, Zeitung, <a href=\"https:\/\/racasa.ch\/index.php\/kauf-verkauf\/\" rel=\"nofollow\"><span class=\"sr-only\">Read more about Kauf &#038; Verkauf<\/span>[&#8230;]<\/a><\/p>\n","protected":false},"author":1,"featured_media":122,"parent":0,"menu_order":0,"comment_status":"closed","ping_status":"closed","template":"template-fullwidth-img.php","meta":[],"_links":{"self":[{"href":"https:\/\/racasa.ch\/index.php\/wp-json\/wp\/v2\/pages\/88"}],"collection":[{"href":"https:\/\/racasa.ch\/index.php\/wp-json\/wp\/v2\/pages"}],"about":[{"href":"https:\/\/racasa.ch\/index.php\/wp-json\/wp\/v2\/types\/page"}],"author":[{"embeddable":true,"href":"https:\/\/racasa.ch\/index.php\/wp-json\/wp\/v2\/users\/1"}],"replies":[{"embeddable":true,"href":"https:\/\/racasa.ch\/index.php\/wp-json\/wp\/v2\/comments?post=88"}],"version-history":[{"count":9,"href":"https:\/\/racasa.ch\/index.php\/wp-json\/wp\/v2\/pages\/88\/revisions"}],"predecessor-version":[{"id":371,"href":"https:\/\/racasa.ch\/index.php\/wp-json\/wp\/v2\/pages\/88\/revisions\/371"}],"wp:featuredmedia":[{"embeddable":true,"href":"https:\/\/racasa.ch\/index.php\/wp-json\/wp\/v2\/media\/122"}],"wp:attachment":[{"href":"https:\/\/racasa.ch\/index.php\/wp-json\/wp\/v2\/media?parent=88"}],"curies":[{"name":"wp","href":"https:\/\/api.w.org\/{rel}","templated":true}]}}