{"id":282,"date":"2016-10-09T13:10:34","date_gmt":"2016-10-09T11:10:34","guid":{"rendered":"http:\/\/racasa.ch\/?page_id=282"},"modified":"2016-10-24T11:21:58","modified_gmt":"2016-10-24T09:21:58","slug":"preisliste","status":"publish","type":"page","link":"https:\/\/racasa.ch\/index.php\/kauf-verkauf\/preisliste\/","title":{"rendered":"Preisliste"},"content":{"rendered":"<p>Gerne erstellen wir Ihnen eine individuelle Offerte, dazu f\u00fcllen Sie das Formular <a href=\"http:\/\/racasa.ch\/index.php\/kauf-verkauf\/anfrage-kauf-verkauf\/\">Anfrage Kauf &amp; Verkauf <\/a>aus. Nach Erhalt Ihrer Dokumente werden wir eine pers\u00f6nliche Offerte erstellen. Die Verrechnung erfolgt nach Aufwand. Hinzu kommen Auslagen f\u00fcr die Einholung von zus\u00e4tzlichen Unterlagen und Abkl\u00e4rungen. Wir \u00fcbernehmen f\u00fcr Sie die Liegenschaftsbesichtigungen mit potentiellen K\u00e4ufern sowie die Organisation der Vertr\u00e4ge.<\/p>\n","protected":false},"excerpt":{"rendered":"<p>Gerne erstellen wir Ihnen eine individuelle Offerte, dazu f\u00fcllen Sie das Formular Anfrage Kauf &amp; Verkauf aus. Nach Erhalt Ihrer Dokumente werden wir eine pers\u00f6nliche Offerte erstellen. Die Verrechnung erfolgt nach Aufwand. Hinzu kommen Auslagen f\u00fcr die Einholung von zus\u00e4tzlichen Unterlagen und Abkl\u00e4rungen. Wir \u00fcbernehmen f\u00fcr Sie die Liegenschaftsbesichtigungen mit potentiellen K\u00e4ufern sowie die Organisation <a href=\"https:\/\/racasa.ch\/index.php\/kauf-verkauf\/preisliste\/\" rel=\"nofollow\"><span class=\"sr-only\">Read more about Preisliste<\/span>[&#8230;]<\/a><\/p>\n","protected":false},"author":1,"featured_media":0,"parent":88,"menu_order":0,"comment_status":"closed","ping_status":"closed","template":"template-fullwidth.php","meta":[],"_links":{"self":[{"href":"https:\/\/racasa.ch\/index.php\/wp-json\/wp\/v2\/pages\/282"}],"collection":[{"href":"https:\/\/racasa.ch\/index.php\/wp-json\/wp\/v2\/pages"}],"about":[{"href":"https:\/\/racasa.ch\/index.php\/wp-json\/wp\/v2\/types\/page"}],"author":[{"embeddable":true,"href":"https:\/\/racasa.ch\/index.php\/wp-json\/wp\/v2\/users\/1"}],"replies":[{"embeddable":true,"href":"https:\/\/racasa.ch\/index.php\/wp-json\/wp\/v2\/comments?post=282"}],"version-history":[{"count":11,"href":"https:\/\/racasa.ch\/index.php\/wp-json\/wp\/v2\/pages\/282\/revisions"}],"predecessor-version":[{"id":405,"href":"https:\/\/racasa.ch\/index.php\/wp-json\/wp\/v2\/pages\/282\/revisions\/405"}],"up":[{"embeddable":true,"href":"https:\/\/racasa.ch\/index.php\/wp-json\/wp\/v2\/pages\/88"}],"wp:attachment":[{"href":"https:\/\/racasa.ch\/index.php\/wp-json\/wp\/v2\/media?parent=282"}],"curies":[{"name":"wp","href":"https:\/\/api.w.org\/{rel}","templated":true}]}}