{"id":166,"date":"2016-10-01T09:38:55","date_gmt":"2016-10-01T07:38:55","guid":{"rendered":"http:\/\/racasa.ch\/?page_id=166"},"modified":"2016-10-24T20:50:15","modified_gmt":"2016-10-24T18:50:15","slug":"preisliste","status":"publish","type":"page","link":"https:\/\/racasa.ch\/index.php\/schatzungen\/preisliste\/","title":{"rendered":"Preisliste"},"content":{"rendered":"<h2><strong>Offertenanfrage<br \/>\n<\/strong><\/h2>\n<p>Die unten aufgef\u00fchrten Preise sind Richtwerte, wenn Sie eine Offerte erhalten m\u00f6chten, f\u00fcllen Sie das Formular <a href=\"http:\/\/racasa.ch\/index.php\/schatzungen\/schatzungsanfrage\/\">Sch\u00e4tzungsanfrage<\/a> aus. Nach Erhalt Ihrer Dokumente werden wir eine pers\u00f6nliche Offerte erstellen. Die Verrechnung erfolgt nach Aufwand. Hinzu kommen Auslagen f\u00fcr die Einholung von zus\u00e4tzlichen Unterlagen und Abkl\u00e4rungen.<\/p>\n<h2><strong>Richtpreise<br \/>\n<\/strong><\/h2>\n<p>Die Richtpreise beinhalten die Anfahrt zum Objekt, das Begutachten und das Erstellen vom Sch\u00e4tzungsdossier.<\/p>\n<p><strong>Stockwerkeigentum<br \/>\n<\/strong>CHF 800.- bis 1&#8217;200.-<\/p>\n<p><strong>Einfamilienhaus<br \/>\n<\/strong>CHF 1&#8217;000.- bis 1&#8217;500.-<\/p>\n<p><strong>Mehrfamilienhaus<br \/>\n<\/strong>CHF 1&#8217;500.- bis 2&#8217;500.-<\/p>\n<p>&nbsp;<\/p>\n","protected":false},"excerpt":{"rendered":"<p>Offertenanfrage Die unten aufgef\u00fchrten Preise sind Richtwerte, wenn Sie eine Offerte erhalten m\u00f6chten, f\u00fcllen Sie das Formular Sch\u00e4tzungsanfrage aus. Nach Erhalt Ihrer Dokumente werden wir eine pers\u00f6nliche Offerte erstellen. Die Verrechnung erfolgt nach Aufwand. Hinzu kommen Auslagen f\u00fcr die Einholung von zus\u00e4tzlichen Unterlagen und Abkl\u00e4rungen. Richtpreise Die Richtpreise beinhalten die Anfahrt zum Objekt, das Begutachten <a href=\"https:\/\/racasa.ch\/index.php\/schatzungen\/preisliste\/\" rel=\"nofollow\"><span class=\"sr-only\">Read more about Preisliste<\/span>[&#8230;]<\/a><\/p>\n","protected":false},"author":1,"featured_media":0,"parent":57,"menu_order":0,"comment_status":"closed","ping_status":"closed","template":"template-fullwidth.php","meta":[],"_links":{"self":[{"href":"https:\/\/racasa.ch\/index.php\/wp-json\/wp\/v2\/pages\/166"}],"collection":[{"href":"https:\/\/racasa.ch\/index.php\/wp-json\/wp\/v2\/pages"}],"about":[{"href":"https:\/\/racasa.ch\/index.php\/wp-json\/wp\/v2\/types\/page"}],"author":[{"embeddable":true,"href":"https:\/\/racasa.ch\/index.php\/wp-json\/wp\/v2\/users\/1"}],"replies":[{"embeddable":true,"href":"https:\/\/racasa.ch\/index.php\/wp-json\/wp\/v2\/comments?post=166"}],"version-history":[{"count":17,"href":"https:\/\/racasa.ch\/index.php\/wp-json\/wp\/v2\/pages\/166\/revisions"}],"predecessor-version":[{"id":367,"href":"https:\/\/racasa.ch\/index.php\/wp-json\/wp\/v2\/pages\/166\/revisions\/367"}],"up":[{"embeddable":true,"href":"https:\/\/racasa.ch\/index.php\/wp-json\/wp\/v2\/pages\/57"}],"wp:attachment":[{"href":"https:\/\/racasa.ch\/index.php\/wp-json\/wp\/v2\/media?parent=166"}],"curies":[{"name":"wp","href":"https:\/\/api.w.org\/{rel}","templated":true}]}}