{"id":157,"date":"2016-09-04T21:57:19","date_gmt":"2016-09-04T19:57:19","guid":{"rendered":"http:\/\/racasa.ch\/?page_id=157"},"modified":"2019-08-25T20:30:40","modified_gmt":"2019-08-25T18:30:40","slug":"anfrage-kauf-verkauf","status":"publish","type":"page","link":"https:\/\/racasa.ch\/index.php\/kauf-verkauf\/anfrage-kauf-verkauf\/","title":{"rendered":"Anfrage Kauf &#038; Verkauf"},"content":{"rendered":"<p>Sie w\u00fcnschen eine pers\u00f6nliche Offerte f\u00fcr einen Verkauf oder Kauf, dann k\u00f6nnen Sie sich \u00fcber dieses Formular bei uns melden.<\/p>\n<div role=\"form\" class=\"wpcf7\" id=\"wpcf7-f204-o1\" lang=\"en-US\" dir=\"ltr\">\n<div class=\"screen-reader-response\"><\/div>\n<form action=\"\/index.php\/wp-json\/wp\/v2\/pages\/157#wpcf7-f204-o1\" method=\"post\" class=\"wpcf7-form\" enctype=\"multipart\/form-data\" novalidate=\"novalidate\">\n<div style=\"display: none;\">\n<input type=\"hidden\" name=\"_wpcf7\" value=\"204\" \/>\n<input type=\"hidden\" name=\"_wpcf7_version\" value=\"4.5.1\" \/>\n<input type=\"hidden\" name=\"_wpcf7_locale\" value=\"en_US\" \/>\n<input type=\"hidden\" name=\"_wpcf7_unit_tag\" value=\"wpcf7-f204-o1\" \/>\n<input type=\"hidden\" name=\"_wpnonce\" value=\"44c53d8efe\" \/>\n<\/div>\n<div class='column-block'>\n<h4>Angaben zur Person<\/h4>\n<hr><\/hr>\n<p><span class=\"wpcf7-form-control-wrap name\"><input type=\"text\" name=\"name\" value=\"\" size=\"40\" class=\"wpcf7-form-control wpcf7-text wpcf7-validates-as-required\" aria-required=\"true\" aria-invalid=\"false\" placeholder=\"Name*\" \/><\/span><\/p>\n<p><span class=\"wpcf7-form-control-wrap vorname\"><input type=\"text\" name=\"vorname\" value=\"\" size=\"40\" class=\"wpcf7-form-control wpcf7-text wpcf7-validates-as-required\" aria-required=\"true\" aria-invalid=\"false\" placeholder=\"Vorname*\" \/><\/span><\/p>\n<p><span class=\"wpcf7-form-control-wrap strasse\"><input type=\"text\" name=\"strasse\" value=\"\" size=\"40\" class=\"wpcf7-form-control wpcf7-text\" aria-invalid=\"false\" placeholder=\"Strasse\" \/><\/span><\/p>\n<p><span class=\"wpcf7-form-control-wrap plz\"><input type=\"text\" name=\"plz\" value=\"\" size=\"40\" class=\"wpcf7-form-control wpcf7-text\" aria-invalid=\"false\" placeholder=\"PLZ\" \/><\/span><\/p>\n<p><span class=\"wpcf7-form-control-wrap ort\"><input type=\"text\" name=\"ort\" value=\"\" size=\"40\" class=\"wpcf7-form-control wpcf7-text\" aria-invalid=\"false\" placeholder=\"Ort\" \/><\/span><\/p>\n<p><span class=\"wpcf7-form-control-wrap telefon\"><input type=\"text\" name=\"telefon\" value=\"\" size=\"40\" class=\"wpcf7-form-control wpcf7-text wpcf7-validates-as-required\" aria-required=\"true\" aria-invalid=\"false\" placeholder=\"Telefon*\" \/><\/span><\/p>\n<p><span class=\"wpcf7-form-control-wrap email\"><input type=\"email\" name=\"email\" value=\"\" size=\"40\" class=\"wpcf7-form-control wpcf7-text wpcf7-email wpcf7-validates-as-required wpcf7-validates-as-email\" aria-required=\"true\" aria-invalid=\"false\" placeholder=\"E-Mail*\" \/><\/span><\/p>\n<p><label>Erreichbarkeit<\/label><span class=\"wpcf7-form-control-wrap erreichbarkeit\"><select name=\"erreichbarkeit\" class=\"wpcf7-form-control wpcf7-select\" aria-invalid=\"false\"><option value=\"\">---<\/option><option value=\"08:00 bis 11:30\">08:00 bis 11:30<\/option><option value=\"11:30 bis 12:30\">11:30 bis 12:30<\/option><option value=\"12:30 bis 13:30\">12:30 bis 13:30<\/option><option value=\"13:30 bis 17:00\">13:30 bis 17:00<\/option><option value=\"17:00 bis 20:30\">17:00 bis 20:30<\/option><\/select><\/span><\/p>\n<p><span class=\"wpcf7-form-control-wrap tage\"><span class=\"wpcf7-form-control wpcf7-checkbox\"><span class=\"wpcf7-list-item first\"><label><input type=\"checkbox\" name=\"tage[]\" value=\"Montag\" \/>&nbsp;<span class=\"wpcf7-list-item-label\">Montag<\/span><\/label><\/span><span class=\"wpcf7-list-item\"><label><input type=\"checkbox\" name=\"tage[]\" value=\"Dienstag\" \/>&nbsp;<span class=\"wpcf7-list-item-label\">Dienstag<\/span><\/label><\/span><span class=\"wpcf7-list-item\"><label><input type=\"checkbox\" name=\"tage[]\" value=\"Mittwoch\" \/>&nbsp;<span class=\"wpcf7-list-item-label\">Mittwoch<\/span><\/label><\/span><span class=\"wpcf7-list-item\"><label><input type=\"checkbox\" name=\"tage[]\" value=\"Donnerstag\" \/>&nbsp;<span class=\"wpcf7-list-item-label\">Donnerstag<\/span><\/label><\/span><span class=\"wpcf7-list-item\"><label><input type=\"checkbox\" name=\"tage[]\" value=\"Freitag\" \/>&nbsp;<span class=\"wpcf7-list-item-label\">Freitag<\/span><\/label><\/span><span class=\"wpcf7-list-item\"><label><input type=\"checkbox\" name=\"tage[]\" value=\"Samstag\" \/>&nbsp;<span class=\"wpcf7-list-item-label\">Samstag<\/span><\/label><\/span><span class=\"wpcf7-list-item last\"><label><input type=\"checkbox\" name=\"tage[]\" value=\"Sonntag\" \/>&nbsp;<span class=\"wpcf7-list-item-label\">Sonntag<\/span><\/label><\/span><\/span><\/span>\n<\/p><\/div>\n<div class='column-block'>\n<h4>Angaben zum Objekt<\/h4>\n<hr><\/hr>\n<p><label>Objektart<\/label><span class=\"wpcf7-form-control-wrap objektart\"><select name=\"objektart\" class=\"wpcf7-form-control wpcf7-select\" id=\"objektart\" aria-invalid=\"false\"><option value=\"Einfamilienhaus\">Einfamilienhaus<\/option><option value=\"Mehrfamilienhaus\">Mehrfamilienhaus<\/option><option value=\"Stockwerkeigentum\">Stockwerkeigentum<\/option><option value=\"Gewerbeimmobilie\">Gewerbeimmobilie<\/option><\/select><\/span><\/p>\n<p><span class=\"wpcf7-form-control-wrap strasseObjekt\"><input type=\"text\" name=\"strasseObjekt\" value=\"\" size=\"40\" class=\"wpcf7-form-control wpcf7-text\" aria-invalid=\"false\" placeholder=\"Strasse Objekt\" \/><\/span><\/p>\n<p><span class=\"wpcf7-form-control-wrap plzObjekt\"><input type=\"text\" name=\"plzObjekt\" value=\"\" size=\"40\" class=\"wpcf7-form-control wpcf7-text\" aria-invalid=\"false\" placeholder=\"PLZ Objekt\" \/><\/span><\/p>\n<p><span class=\"wpcf7-form-control-wrap ortObjekt\"><input type=\"text\" name=\"ortObjekt\" value=\"\" size=\"40\" class=\"wpcf7-form-control wpcf7-text\" aria-invalid=\"false\" placeholder=\"Ort Objekt\" \/><\/span><\/p>\n<div id=\"infoTextStatic\" class=\"font-weight\">\nBitte senden Sie folgende Dokumente mit:<br \/>\n- Grundbuchauszug<br \/>\n- Grundrisspl\u00e4ne \/ Baupl\u00e4ne\n<\/div>\n<div id=\"infoTextVariabel\" class=\"font-weight\">\n- Geb\u00e4udeversicherungsausweis<br \/>\n- Aufstellung get\u00e4tigte Renovationen\n<\/div>\n<p><br><br \/>\nF\u00fcgen Sie alle Dokumente als ZIP-Datei hinzu:<br \/>\n<br><br \/>\n<span class=\"wpcf7-form-control-wrap Attachement\"><input type=\"file\" name=\"Attachement\" size=\"40\" class=\"wpcf7-form-control wpcf7-file\" aria-invalid=\"false\" \/><\/span><\/p>\n<div class=\"wpcf7-form-control-wrap\"><div data-sitekey=\"6LeHqggUAAAAABOx_f5JK3EZNZ5dC0SP8cXfu9Jy\" class=\"wpcf7-form-control g-recaptcha wpcf7-recaptcha\"><\/div>\n<noscript>\n\t<div style=\"width: 302px; height: 422px;\">\n\t\t<div style=\"width: 302px; height: 422px; position: relative;\">\n\t\t\t<div style=\"width: 302px; height: 422px; position: absolute;\">\n\t\t\t\t<iframe src=\"https:\/\/www.google.com\/recaptcha\/api\/fallback?k=6LeHqggUAAAAABOx_f5JK3EZNZ5dC0SP8cXfu9Jy\" frameborder=\"0\" scrolling=\"no\" style=\"width: 302px; height:422px; border-style: none;\">\n\t\t\t\t<\/iframe>\n\t\t\t<\/div>\n\t\t\t<div style=\"width: 300px; height: 60px; border-style: none; bottom: 12px; left: 25px; margin: 0px; padding: 0px; right: 25px; background: #f9f9f9; border: 1px solid #c1c1c1; border-radius: 3px;\">\n\t\t\t\t<textarea id=\"g-recaptcha-response\" name=\"g-recaptcha-response\" class=\"g-recaptcha-response\" style=\"width: 250px; height: 40px; border: 1px solid #c1c1c1; margin: 10px 25px; padding: 0px; resize: none;\">\n\t\t\t\t<\/textarea>\n\t\t\t<\/div>\n\t\t<\/div>\n\t<\/div>\n<\/noscript>\n<\/div>\n<p><br><br \/>\n<input type=\"submit\" value=\"Senden\" class=\"wpcf7-form-control wpcf7-submit\" \/><\/p>\n<\/div>\n<div class=\"wpcf7-response-output wpcf7-display-none\"><\/div><\/form><\/div>\n","protected":false},"excerpt":{"rendered":"<p>Sie w\u00fcnschen eine pers\u00f6nliche Offerte f\u00fcr einen Verkauf oder Kauf, dann k\u00f6nnen Sie sich \u00fcber dieses Formular bei uns melden.<\/p>\n","protected":false},"author":1,"featured_media":0,"parent":88,"menu_order":0,"comment_status":"closed","ping_status":"closed","template":"template-fullwidth.php","meta":[],"_links":{"self":[{"href":"https:\/\/racasa.ch\/index.php\/wp-json\/wp\/v2\/pages\/157"}],"collection":[{"href":"https:\/\/racasa.ch\/index.php\/wp-json\/wp\/v2\/pages"}],"about":[{"href":"https:\/\/racasa.ch\/index.php\/wp-json\/wp\/v2\/types\/page"}],"author":[{"embeddable":true,"href":"https:\/\/racasa.ch\/index.php\/wp-json\/wp\/v2\/users\/1"}],"replies":[{"embeddable":true,"href":"https:\/\/racasa.ch\/index.php\/wp-json\/wp\/v2\/comments?post=157"}],"version-history":[{"count":5,"href":"https:\/\/racasa.ch\/index.php\/wp-json\/wp\/v2\/pages\/157\/revisions"}],"predecessor-version":[{"id":372,"href":"https:\/\/racasa.ch\/index.php\/wp-json\/wp\/v2\/pages\/157\/revisions\/372"}],"up":[{"embeddable":true,"href":"https:\/\/racasa.ch\/index.php\/wp-json\/wp\/v2\/pages\/88"}],"wp:attachment":[{"href":"https:\/\/racasa.ch\/index.php\/wp-json\/wp\/v2\/media?parent=157"}],"curies":[{"name":"wp","href":"https:\/\/api.w.org\/{rel}","templated":true}]}}